{"id":17,"date":"2018-01-15T08:27:36","date_gmt":"2018-01-15T07:27:36","guid":{"rendered":"http:\/\/adamy.de\/?page_id=17"},"modified":"2018-02-07T07:43:28","modified_gmt":"2018-02-07T06:43:28","slug":"impressum","status":"publish","type":"page","link":"https:\/\/adamy.de\/?page_id=17","title":{"rendered":"Impressum"},"content":{"rendered":"<p>adamy GmbH<\/p>\n<p>HRB 1466, Amtsgericht Saarbr\u00fccken<br \/>\nGesch\u00e4ftsf\u00fchrung: Dipl. Kauffr. Nicole Adamy<\/p>\n<p>Firmensitz:<\/p>\n<p>Arndtstra\u00dfe 21<br \/>\n66121 Saarbr\u00fccken<br \/>\nDeutschland<\/p>\n<p>Postanschrift:<\/p>\n<p>adamy GmbH<\/p>\n<p><span style=\"display: inline !important; float: none; background-color: transparent; color: #333333; font-family: 'Libre Franklin','Helvetica Neue',helvetica,arial,sans-serif; font-size: 16px; font-style: normal; font-variant: normal; font-weight: 400; letter-spacing: normal; orphans: 2; text-align: left; text-decoration: none; text-indent: 0px; text-transform: none; -webkit-text-stroke-width: 0px; white-space: normal; word-spacing: 0px;\">Arndtstra\u00dfe 21<\/span><br style=\"background-color: transparent; color: #333333; font-family: &amp;quot; libre franklin&amp;quot;,&amp;quot;helvetica neue&amp;quot;,helvetica,arial,sans-serif; font-size: 16px; font-style: normal; font-variant: normal; font-weight: 400; letter-spacing: normal; line-height: 26.56px; max-width: none; min-height: 0px; orphans: 2; overflow: visible; text-align: left; text-decoration: none; text-indent: 0px; text-transform: none; -webkit-text-stroke-width: 0px; white-space: normal; word-spacing: 0px; word-wrap: break-word; padding: 0px; margin: 0px;\" \/><span style=\"display: inline !important; float: none; background-color: transparent; color: #333333; font-family: 'Libre Franklin','Helvetica Neue',helvetica,arial,sans-serif; font-size: 16px; font-style: normal; font-variant: normal; font-weight: 400; letter-spacing: normal; orphans: 2; text-align: left; text-decoration: none; text-indent: 0px; text-transform: none; -webkit-text-stroke-width: 0px; white-space: normal; word-spacing: 0px;\">66121 Saarbr\u00fccken<\/span><br style=\"background-color: transparent; color: #333333; font-family: &amp;quot; libre franklin&amp;quot;,&amp;quot;helvetica neue&amp;quot;,helvetica,arial,sans-serif; font-size: 16px; font-style: normal; font-variant: normal; font-weight: 400; letter-spacing: normal; line-height: 26.56px; max-width: none; min-height: 0px; orphans: 2; overflow: visible; text-align: left; text-decoration: none; text-indent: 0px; text-transform: none; -webkit-text-stroke-width: 0px; white-space: normal; word-spacing: 0px; word-wrap: break-word; padding: 0px; margin: 0px;\" \/><span style=\"display: inline !important; float: none; background-color: transparent; color: #333333; font-family: 'Libre Franklin','Helvetica Neue',helvetica,arial,sans-serif; font-size: 16px; font-style: normal; font-variant: normal; font-weight: 400; letter-spacing: normal; orphans: 2; text-align: left; text-decoration: none; text-indent: 0px; text-transform: none; -webkit-text-stroke-width: 0px; white-space: normal; word-spacing: 0px;\">Deutschland<\/span><b><\/b><i><\/i><u><\/u><\/p>\n","protected":false},"excerpt":{"rendered":"<p>adamy GmbH HRB 1466, Amtsgericht Saarbr\u00fccken Gesch\u00e4ftsf\u00fchrung: Dipl. Kauffr. Nicole Adamy Firmensitz: Arndtstra\u00dfe 21 66121 Saarbr\u00fccken Deutschland Postanschrift: adamy GmbH Arndtstra\u00dfe 2166121 Saarbr\u00fcckenDeutschland<\/p>\n","protected":false},"author":1,"featured_media":0,"parent":0,"menu_order":0,"comment_status":"closed","ping_status":"closed","template":"","meta":[],"_links":{"self":[{"href":"https:\/\/adamy.de\/index.php?rest_route=\/wp\/v2\/pages\/17"}],"collection":[{"href":"https:\/\/adamy.de\/index.php?rest_route=\/wp\/v2\/pages"}],"about":[{"href":"https:\/\/adamy.de\/index.php?rest_route=\/wp\/v2\/types\/page"}],"author":[{"embeddable":true,"href":"https:\/\/adamy.de\/index.php?rest_route=\/wp\/v2\/users\/1"}],"replies":[{"embeddable":true,"href":"https:\/\/adamy.de\/index.php?rest_route=%2Fwp%2Fv2%2Fcomments&post=17"}],"version-history":[{"count":5,"href":"https:\/\/adamy.de\/index.php?rest_route=\/wp\/v2\/pages\/17\/revisions"}],"predecessor-version":[{"id":39,"href":"https:\/\/adamy.de\/index.php?rest_route=\/wp\/v2\/pages\/17\/revisions\/39"}],"wp:attachment":[{"href":"https:\/\/adamy.de\/index.php?rest_route=%2Fwp%2Fv2%2Fmedia&parent=17"}],"curies":[{"name":"wp","href":"https:\/\/api.w.org\/{rel}","templated":true}]}}